{"id":193,"date":"2022-02-11T11:20:48","date_gmt":"2022-02-11T09:20:48","guid":{"rendered":"https:\/\/sdl27.galplaiuriprahovene.ro\/?page_id=193"},"modified":"2022-02-17T10:26:50","modified_gmt":"2022-02-17T08:26:50","slug":"fise-masuri","status":"publish","type":"page","link":"https:\/\/sdl27.galplaiuriprahovene.ro\/index.php\/fise-masuri\/","title":{"rendered":"Fi\u0219e m\u0103suri"},"content":{"rendered":"<section class=\"l-section wpb_row height_medium\"><div class=\"l-section-h i-cf\"><div class=\"g-cols vc_row via_flex valign_top type_default\"><div class=\"vc_col-sm-12 wpb_column vc_column_container\"><div class=\"vc_column-inner\"><div class=\"wpb_wrapper\"><div class=\"wpb_text_column\"><div class=\"wpb_wrapper\"><h3><strong>Fi\u0219e m\u0103suri<\/strong><\/h3>\n<\/div><\/div><div class=\"w-separator size_medium with_line width_default thick_1 style_solid color_border align_center\"><div class=\"w-separator-h\"><\/div><\/div><div class=\"wpb_text_column us_custom_15f9d3f2\"><div class=\"wpb_wrapper\"><p><strong>SDL versiunea 2 &#8211; Capitolul 5 \u2013 Prezentarea m\u0103surilor<\/strong><\/p>\n<\/div><\/div><div class=\"w-tabs style_default switch_click accordion\" style=\"--sections-title-size:inherit\"><div class=\"w-tabs-sections titles-align_none icon_chevron cpos_right\"><div class=\"w-tabs-section\" id=\"jd40\"><button aria-controls=\"content-jd40\" class=\"w-tabs-section-header\"><div class=\"w-tabs-section-title\">M 1 Investitii in sectorul agricol<\/div><div class=\"w-tabs-section-control\"><\/div><\/button><div  class=\"w-tabs-section-content\" id=\"content-jd40\" aria-expanded=\"false\"><div class=\"w-tabs-section-content-h i-cf\"><div class=\"w-btn-wrapper align_none\"><a class=\"w-btn us-btn-style_3 icon_atleft\" href=\"https:\/\/leader.sdl27.galplaiuriprahovene.ro\/wp-content\/uploads\/2022\/02\/M-1-Investitii-in-sectorul-agricol.pdf\"><i class=\"fas fa-file-pdf\"><\/i><span class=\"w-btn-label\">Descarca fisier<\/span><\/a><\/div><\/div><\/div><\/div><div class=\"w-tabs-section\" id=\"qec8\"><button aria-controls=\"content-qec8\" class=\"w-tabs-section-header\"><div class=\"w-tabs-section-title\">M 2 Sprijin pentru tineri fermieri<\/div><div class=\"w-tabs-section-control\"><\/div><\/button><div  class=\"w-tabs-section-content\" id=\"content-qec8\" aria-expanded=\"false\"><div class=\"w-tabs-section-content-h i-cf\"><div class=\"w-btn-wrapper align_none\"><a class=\"w-btn us-btn-style_3 icon_atleft\" href=\"https:\/\/leader.sdl27.galplaiuriprahovene.ro\/wp-content\/uploads\/2022\/02\/M-2-Sprijin-pentru-tineri-fermieri.pdf\"><i class=\"fas fa-file-pdf\"><\/i><span class=\"w-btn-label\">Descarca fisier<\/span><\/a><\/div><\/div><\/div><\/div><div class=\"w-tabs-section\" id=\"m037\"><button aria-controls=\"content-m037\" class=\"w-tabs-section-header\"><div class=\"w-tabs-section-title\">M 3 Sprijin pentru dezvoltarea fermelor mici<\/div><div class=\"w-tabs-section-control\"><\/div><\/button><div  class=\"w-tabs-section-content\" id=\"content-m037\" aria-expanded=\"false\"><div class=\"w-tabs-section-content-h i-cf\"><div class=\"w-btn-wrapper align_none\"><a class=\"w-btn us-btn-style_3 icon_atleft\" href=\"https:\/\/leader.sdl27.galplaiuriprahovene.ro\/wp-content\/uploads\/2022\/02\/M3-Sprijin-pentru-dezvoltarea-fermelor-mici.pdf\"><i class=\"fas fa-file-pdf\"><\/i><span class=\"w-btn-label\">Descarca fisier<\/span><\/a><\/div><\/div><\/div><\/div><div class=\"w-tabs-section\" id=\"m1b7\"><button aria-controls=\"content-m1b7\" class=\"w-tabs-section-header\"><div class=\"w-tabs-section-title\">M 4 Sprijin pentru demararea de afaceri cu activit\u0103\u021bi neagricole \u00een zonele rurale<\/div><div class=\"w-tabs-section-control\"><\/div><\/button><div  class=\"w-tabs-section-content\" id=\"content-m1b7\" aria-expanded=\"false\"><div class=\"w-tabs-section-content-h i-cf\"><div class=\"w-btn-wrapper align_none\"><a class=\"w-btn us-btn-style_3 icon_atleft\" href=\"https:\/\/leader.sdl27.galplaiuriprahovene.ro\/wp-content\/uploads\/2022\/02\/M4-Sprijin-pentru-demararea-de-afaceri-cu-activitati-neagricole-in-zonele-rurale.pdf\"><i class=\"fas fa-file-pdf\"><\/i><span class=\"w-btn-label\">Descarca fisier<\/span><\/a><\/div><\/div><\/div><\/div><div class=\"w-tabs-section\" id=\"z329\"><button aria-controls=\"content-z329\" class=\"w-tabs-section-header\"><div class=\"w-tabs-section-title\">M 5 Dezvoltarea de activit\u0103\u0163i non-agricole<\/div><div class=\"w-tabs-section-control\"><\/div><\/button><div  class=\"w-tabs-section-content\" id=\"content-z329\" aria-expanded=\"false\"><div class=\"w-tabs-section-content-h i-cf\"><div class=\"w-btn-wrapper align_none\"><a class=\"w-btn us-btn-style_3 icon_atleft\" href=\"https:\/\/leader.sdl27.galplaiuriprahovene.ro\/wp-content\/uploads\/2022\/02\/M-5-Dezvoltarea-de-activitati-non-agricole.pdf\"><i class=\"fas fa-file-pdf\"><\/i><span class=\"w-btn-label\">Descarca fisier<\/span><\/a><\/div><\/div><\/div><\/div><div class=\"w-tabs-section\" id=\"n4a2\"><button aria-controls=\"content-n4a2\" class=\"w-tabs-section-header\"><div class=\"w-tabs-section-title\">M 6 Investi\u021bii \u00een infrastructura local\u0103<\/div><div class=\"w-tabs-section-control\"><\/div><\/button><div  class=\"w-tabs-section-content\" id=\"content-n4a2\" aria-expanded=\"false\"><div class=\"w-tabs-section-content-h i-cf\"><div class=\"w-btn-wrapper align_none\"><a class=\"w-btn us-btn-style_3 icon_atleft\" href=\"https:\/\/leader.sdl27.galplaiuriprahovene.ro\/wp-content\/uploads\/2022\/02\/M-6-Investitii-in-infrastructura-locala.pdf\"><i class=\"fas fa-file-pdf\"><\/i><span class=\"w-btn-label\">Descarca fisier<\/span><\/a><\/div><\/div><\/div><\/div><div class=\"w-tabs-section\" id=\"x60b\"><button aria-controls=\"content-x60b\" class=\"w-tabs-section-header\"><div class=\"w-tabs-section-title\">M 7 Sprijin pentru \u00eenfiin\u021barea \u0219i dezvoltarea de structuri asociative<\/div><div class=\"w-tabs-section-control\"><\/div><\/button><div  class=\"w-tabs-section-content\" id=\"content-x60b\" aria-expanded=\"false\"><div class=\"w-tabs-section-content-h i-cf\"><div class=\"w-btn-wrapper align_none\"><a class=\"w-btn us-btn-style_3 icon_atleft\" href=\"https:\/\/leader.sdl27.galplaiuriprahovene.ro\/wp-content\/uploads\/2022\/02\/M-7-Sprijin-pentru-infiintarea-si-dezvoltarea-de-structuri-asociative.pdf\"><i class=\"fas fa-file-pdf\"><\/i><span class=\"w-btn-label\">Descarca fisier<\/span><\/a><\/div><\/div><\/div><\/div><div class=\"w-tabs-section\" id=\"k780\"><button aria-controls=\"content-k780\" class=\"w-tabs-section-header\"><div class=\"w-tabs-section-title\">M 8 Investi\u021bii \u00een infrastructura social\u0103 \u0219i integrarea minoritatilor<\/div><div class=\"w-tabs-section-control\"><\/div><\/button><div  class=\"w-tabs-section-content\" id=\"content-k780\" aria-expanded=\"false\"><div class=\"w-tabs-section-content-h i-cf\"><div class=\"w-btn-wrapper align_none\"><a class=\"w-btn us-btn-style_3 icon_atleft\" href=\"https:\/\/leader.sdl27.galplaiuriprahovene.ro\/wp-content\/uploads\/2022\/02\/M-8-Investitii-in-infrastructura-sociala-si-integrarea-minoritatilor.pdf\"><i class=\"fas fa-file-pdf\"><\/i><span class=\"w-btn-label\">Descarca fisier<\/span><\/a><\/div><\/div><\/div><\/div><div class=\"w-tabs-section\" id=\"u8f6\"><button aria-controls=\"content-u8f6\" class=\"w-tabs-section-header\"><div class=\"w-tabs-section-title\">M 9 Crearea \u0219i promovarea brandului de GAL<\/div><div class=\"w-tabs-section-control\"><\/div><\/button><div  class=\"w-tabs-section-content\" id=\"content-u8f6\" aria-expanded=\"false\"><div class=\"w-tabs-section-content-h i-cf\"><div class=\"w-btn-wrapper align_none\"><a class=\"w-btn us-btn-style_3 icon_atleft\" href=\"https:\/\/leader.sdl27.galplaiuriprahovene.ro\/wp-content\/uploads\/2022\/02\/M-9-Crearea-si-promovarea-brandului-de-GAL.pdf\"><i class=\"fas fa-file-pdf\"><\/i><span class=\"w-btn-label\">Descarca fisier<\/span><\/a><\/div><\/div><\/div><\/div><\/div><\/div><\/div><\/div><\/div><\/div><\/div><\/section>\n","protected":false},"excerpt":{"rendered":"Fi\u0219e m\u0103suri SDL versiunea 2 &#8211; Capitolul 5 \u2013 Prezentarea m\u0103surilor M 1 Investitii in sectorul agricolDescarca fisierM 2 Sprijin pentru tineri fermieriDescarca fisierM 3 Sprijin pentru dezvoltarea fermelor miciDescarca fisierM 4 Sprijin pentru demararea de afaceri cu activit\u0103\u021bi neagricole \u00een zonele ruraleDescarca fisierM 5 Dezvoltarea de activit\u0103\u0163i non-agricoleDescarca fisierM 6 Investi\u021bii \u00een infrastructura local\u0103Descarca...","protected":false},"author":1,"featured_media":0,"parent":0,"menu_order":0,"comment_status":"closed","ping_status":"closed","template":"","meta":{"footnotes":""},"class_list":["post-193","page","type-page","status-publish","hentry"],"_links":{"self":[{"href":"https:\/\/sdl27.galplaiuriprahovene.ro\/index.php\/wp-json\/wp\/v2\/pages\/193","targetHints":{"allow":["GET"]}}],"collection":[{"href":"https:\/\/sdl27.galplaiuriprahovene.ro\/index.php\/wp-json\/wp\/v2\/pages"}],"about":[{"href":"https:\/\/sdl27.galplaiuriprahovene.ro\/index.php\/wp-json\/wp\/v2\/types\/page"}],"author":[{"embeddable":true,"href":"https:\/\/sdl27.galplaiuriprahovene.ro\/index.php\/wp-json\/wp\/v2\/users\/1"}],"replies":[{"embeddable":true,"href":"https:\/\/sdl27.galplaiuriprahovene.ro\/index.php\/wp-json\/wp\/v2\/comments?post=193"}],"version-history":[{"count":19,"href":"https:\/\/sdl27.galplaiuriprahovene.ro\/index.php\/wp-json\/wp\/v2\/pages\/193\/revisions"}],"predecessor-version":[{"id":344,"href":"https:\/\/sdl27.galplaiuriprahovene.ro\/index.php\/wp-json\/wp\/v2\/pages\/193\/revisions\/344"}],"wp:attachment":[{"href":"https:\/\/sdl27.galplaiuriprahovene.ro\/index.php\/wp-json\/wp\/v2\/media?parent=193"}],"curies":[{"name":"wp","href":"https:\/\/api.w.org\/{rel}","templated":true}]}}